{"id":2275,"date":"2022-02-08T08:13:30","date_gmt":"2022-02-08T13:13:30","guid":{"rendered":"http:\/\/antoniolenis.edu.co\/?page_id=2275"},"modified":"2022-02-22T12:31:39","modified_gmt":"2022-02-22T17:31:39","slug":"correos-institucionales","status":"publish","type":"page","link":"https:\/\/antoniolenis.edu.co\/?page_id=2275","title":{"rendered":"CORREOS INSTITUCIONALES"},"content":{"rendered":"\n<p>Los siguientes correos est\u00e1n disponibles para atender sus inquietudes:<\/p>\n\n\n\n<p><strong>certificados@antoniolenis.edu.co <\/strong> Para solicitar <strong>Certificados<\/strong> o<strong> Constancias de estudios<\/strong>   <a href=\"https:\/\/antoniolenis.edu.co\/?p=2282\">ver requisitos aqu\u00ed<\/a><\/p>\n\n\n\n<p><strong>info@antoniolenis.edu.co<\/strong>  Para informaci\u00f3n general<\/p>\n\n\n\n<p><strong>rectoria@antoniolenis.edu.co<\/strong>&nbsp; Escriba a la rector\u00eda <\/p>\n\n\n\n<p><strong>admisiones@antoniolenis.edu.co&nbsp;<\/strong> Para soporte y acompa\u00f1amiento de la plataforma de admisiones.<\/p>\n\n\n\n<p>Para <strong>PQRS<\/strong> ingrese al siguiente link:  <a href=\"http:\/\/pqrs.antoniolenis.edu.co\/\" target=\"_blank\" rel=\"noreferrer noopener\">ingresar aqu\u00ed<\/a><\/p>\n","protected":false},"excerpt":{"rendered":"<p>Los siguientes correos est\u00e1n disponibles para atender sus inquietudes: certificados@antoniolenis.edu.co Para solicitar Certificados o Constancias de estudios ver requisitos aqu\u00ed info@antoniolenis.edu.co Para informaci\u00f3n general rectoria@antoniolenis.edu.co&nbsp; Escriba a la rector\u00eda admisiones@antoniolenis.edu.co&nbsp; Para soporte y acompa\u00f1amiento de la plataforma de admisiones. Para&#8230;<br \/><a class=\"read-more-button\" href=\"https:\/\/antoniolenis.edu.co\/?page_id=2275\">Leer m\u00e1s<\/a><\/p>\n","protected":false},"author":7,"featured_media":0,"parent":0,"menu_order":0,"comment_status":"closed","ping_status":"closed","template":"","meta":{"footnotes":""},"class_list":["post-2275","page","type-page","status-publish","hentry"],"_links":{"self":[{"href":"https:\/\/antoniolenis.edu.co\/index.php?rest_route=\/wp\/v2\/pages\/2275","targetHints":{"allow":["GET"]}}],"collection":[{"href":"https:\/\/antoniolenis.edu.co\/index.php?rest_route=\/wp\/v2\/pages"}],"about":[{"href":"https:\/\/antoniolenis.edu.co\/index.php?rest_route=\/wp\/v2\/types\/page"}],"author":[{"embeddable":true,"href":"https:\/\/antoniolenis.edu.co\/index.php?rest_route=\/wp\/v2\/users\/7"}],"replies":[{"embeddable":true,"href":"https:\/\/antoniolenis.edu.co\/index.php?rest_route=%2Fwp%2Fv2%2Fcomments&post=2275"}],"version-history":[{"count":4,"href":"https:\/\/antoniolenis.edu.co\/index.php?rest_route=\/wp\/v2\/pages\/2275\/revisions"}],"predecessor-version":[{"id":2287,"href":"https:\/\/antoniolenis.edu.co\/index.php?rest_route=\/wp\/v2\/pages\/2275\/revisions\/2287"}],"wp:attachment":[{"href":"https:\/\/antoniolenis.edu.co\/index.php?rest_route=%2Fwp%2Fv2%2Fmedia&parent=2275"}],"curies":[{"name":"wp","href":"https:\/\/api.w.org\/{rel}","templated":true}]}}