{"id":230,"date":"2016-10-20T16:20:00","date_gmt":"2016-10-20T21:20:00","guid":{"rendered":"http:\/\/antoniolenis.edu.co\/?page_id=230"},"modified":"2020-03-25T23:37:48","modified_gmt":"2020-03-26T04:37:48","slug":"simbolos","status":"publish","type":"page","link":"https:\/\/antoniolenis.edu.co\/?page_id=230","title":{"rendered":"S\u00edmbolos"},"content":{"rendered":"<h2 style=\"text-align: center;\">HIMNO<\/h2>\n<p style=\"text-align: justify;\">El himno\u00a0 fue creado por el docente, Marco Sa\u00fal Herrera Aguas (Q.E.P.D), distinguido educador que prest\u00f3 sus servicios durante varios a\u00f1os en la c\u00e1tedra de Educaci\u00f3n Art\u00edstica con orientaci\u00f3n en m\u00fasica y cuya trayectoria ha sido reconocida por todos los artistas del departamento de Sucre y fuera de \u00e9l.\u00a0 Letra y melod\u00eda siempre ser\u00e1 entonada en los actos significativos de la Instituci\u00f3n Educativa. Consta de cinco estrofas cuyos contenidos recogen los valores con los cuales se identifica la labor para la cual fue creada.<\/p>\n<p style=\"text-align: center;\">Colegio Lenis centro formador<\/p>\n<p style=\"text-align: center;\">De juventudes con tes\u00f3n<\/p>\n<p style=\"text-align: center;\">Tus experiencias en la educaci\u00f3n<\/p>\n<p style=\"text-align: center;\">Las recibimos con honor<\/p>\n<p style=\"text-align: center;\">Llevas el nombre de un gran educador<\/p>\n<p style=\"text-align: center;\">Que a Sincelejo su talento dio<\/p>\n<p style=\"text-align: center;\">Antonio Lenis maestro de gran valor<\/p>\n<p style=\"text-align: center;\">Con su experiencia la ni\u00f1ez gui\u00f3<\/p>\n<p style=\"text-align: center;\">Eres la voz de un pueblo luchador<\/p>\n<p style=\"text-align: center;\">Que con esfuerzo haz logrado encauzar<\/p>\n<p style=\"text-align: center;\">Y la ignorancia haz derrotado,<\/p>\n<p style=\"text-align: center;\">Guardas la ciencia en tus<\/p>\n<p style=\"text-align: center;\">Claustros queridos<\/p>\n<p style=\"text-align: center;\">Pues la ense\u00f1anza ha sido tu misi\u00f3n.<\/p>\n<p style=\"text-align: center;\">Compa\u00f1ero Lenista, adelante,<\/p>\n<p style=\"text-align: center;\">Avancemos con fe y lealtad<\/p>\n<p style=\"text-align: center;\">Demostremos que somos capaces,<\/p>\n<p style=\"text-align: center;\">De nuestras metas conquistar.<\/p>\n<p style=\"text-align: center;\">Victorioso ser\u00e1 nuestro grito<\/p>\n<p style=\"text-align: center;\">Como emblema de libertad<\/p>\n<p style=\"text-align: center;\">Debemos\u00a0 todos\u00a0 cantar este coro<\/p>\n<p style=\"text-align: center;\">La educaci\u00f3n sea popular.<\/p>\n<hr \/>\n<h2 style=\"text-align: center;\">ESCUDO<\/h2>\n<p style=\"text-align: justify;\">\u00a0 \u00a0 \u00a0 \u00a0 \u00a0 \u00a0 \u00a0 \u00a0 \u00a0 \u00a0 \u00a0 \u00a0 \u00a0 \u00a0 \u00a0 \u00a0 \u00a0 \u00a0 \u00a0 \u00a0 \u00a0 \u00a0 \u00a0<img loading=\"lazy\" decoding=\"async\" class=\"aligncenter size-full wp-image-1475\" src=\"https:\/\/antoniolenis.edu.co\/wp-content\/uploads\/2018\/09\/FB_IMG_1526648193637.jpg\" alt=\"\" width=\"254\" height=\"245\" \/><\/p>\n<h2 style=\"text-align: center;\"><\/h2>\n<h2 style=\"text-align: center;\"><\/h2>\n<hr \/>\n<h2 style=\"text-align: center;\">BANDERA<\/h2>\n<p><strong> <img loading=\"lazy\" decoding=\"async\" class=\"size-full wp-image-1757 aligncenter\" src=\"https:\/\/antoniolenis.edu.co\/wp-content\/uploads\/2020\/03\/bandera.png\" alt=\"\" width=\"655\" height=\"203\" \/><\/strong><\/p>\n<p style=\"text-align: justify;\"><strong>\u00a0<\/strong><\/p>\n","protected":false},"excerpt":{"rendered":"<p>HIMNO El himno\u00a0 fue creado por el docente, Marco Sa\u00fal Herrera Aguas (Q.E.P.D), distinguido educador que prest\u00f3 sus servicios durante varios a\u00f1os en la c\u00e1tedra de Educaci\u00f3n Art\u00edstica con orientaci\u00f3n en m\u00fasica y cuya trayectoria ha sido reconocida por todos&#8230;<br \/><a class=\"read-more-button\" href=\"https:\/\/antoniolenis.edu.co\/?page_id=230\">Leer m\u00e1s<\/a><\/p>\n","protected":false},"author":2,"featured_media":0,"parent":274,"menu_order":0,"comment_status":"closed","ping_status":"closed","template":"","meta":{"footnotes":""},"class_list":["post-230","page","type-page","status-publish","hentry"],"_links":{"self":[{"href":"https:\/\/antoniolenis.edu.co\/index.php?rest_route=\/wp\/v2\/pages\/230","targetHints":{"allow":["GET"]}}],"collection":[{"href":"https:\/\/antoniolenis.edu.co\/index.php?rest_route=\/wp\/v2\/pages"}],"about":[{"href":"https:\/\/antoniolenis.edu.co\/index.php?rest_route=\/wp\/v2\/types\/page"}],"author":[{"embeddable":true,"href":"https:\/\/antoniolenis.edu.co\/index.php?rest_route=\/wp\/v2\/users\/2"}],"replies":[{"embeddable":true,"href":"https:\/\/antoniolenis.edu.co\/index.php?rest_route=%2Fwp%2Fv2%2Fcomments&post=230"}],"version-history":[{"count":8,"href":"https:\/\/antoniolenis.edu.co\/index.php?rest_route=\/wp\/v2\/pages\/230\/revisions"}],"predecessor-version":[{"id":1772,"href":"https:\/\/antoniolenis.edu.co\/index.php?rest_route=\/wp\/v2\/pages\/230\/revisions\/1772"}],"up":[{"embeddable":true,"href":"https:\/\/antoniolenis.edu.co\/index.php?rest_route=\/wp\/v2\/pages\/274"}],"wp:attachment":[{"href":"https:\/\/antoniolenis.edu.co\/index.php?rest_route=%2Fwp%2Fv2%2Fmedia&parent=230"}],"curies":[{"name":"wp","href":"https:\/\/api.w.org\/{rel}","templated":true}]}}