{"id":236,"date":"2016-10-20T16:19:15","date_gmt":"2016-10-20T21:19:15","guid":{"rendered":"http:\/\/antoniolenis.edu.co\/?page_id=236"},"modified":"2017-10-12T14:42:18","modified_gmt":"2017-10-12T19:42:18","slug":"horizonte-institucional","status":"publish","type":"page","link":"https:\/\/antoniolenis.edu.co\/?page_id=236","title":{"rendered":"Horizonte Institucional"},"content":{"rendered":"<h2 style=\"text-align: justify;\">MISI\u00d3N<\/h2>\n<p>La misi\u00f3n de la Instituci\u00f3n Educativa \u201cAntonio Lenis\u201d es la formaci\u00f3n integral del educando manifestada a trav\u00e9s de un alto y equilibrado desarrollo de sus competencias cognitivas, socio-afectivas y praxiol\u00f3gicas, orientado al\u00a0 mejoramiento de la calidad de vida de su n\u00facleo familiar y la de incidir en la transformaci\u00f3n del contexto.<\/p>\n<h2 style=\"text-align: justify;\">VISI\u00d3N<\/h2>\n<p>Para el a\u00f1o 2026 la Instituci\u00f3n Educativa \u201cAntonio Lenis\u201d ser\u00e1 posicionar\u00e1 a nivel municipal, departamental y nacional como una instituci\u00f3n l\u00edder en la formaci\u00f3n de estudiantes \u00edntegros y competitivos desde preescolar, hasta und\u00e9cimo grado<\/p>\n<h2><\/h2>\n","protected":false},"excerpt":{"rendered":"<p>MISI\u00d3N La misi\u00f3n de la Instituci\u00f3n Educativa \u201cAntonio Lenis\u201d es la formaci\u00f3n integral del educando manifestada a trav\u00e9s de un alto y equilibrado desarrollo de sus competencias cognitivas, socio-afectivas y praxiol\u00f3gicas, orientado al\u00a0 mejoramiento de la calidad de vida de&#8230;<br \/><a class=\"read-more-button\" href=\"https:\/\/antoniolenis.edu.co\/?page_id=236\">Leer m\u00e1s<\/a><\/p>\n","protected":false},"author":2,"featured_media":0,"parent":274,"menu_order":0,"comment_status":"closed","ping_status":"closed","template":"","meta":{"footnotes":""},"class_list":["post-236","page","type-page","status-publish","hentry"],"_links":{"self":[{"href":"https:\/\/antoniolenis.edu.co\/index.php?rest_route=\/wp\/v2\/pages\/236","targetHints":{"allow":["GET"]}}],"collection":[{"href":"https:\/\/antoniolenis.edu.co\/index.php?rest_route=\/wp\/v2\/pages"}],"about":[{"href":"https:\/\/antoniolenis.edu.co\/index.php?rest_route=\/wp\/v2\/types\/page"}],"author":[{"embeddable":true,"href":"https:\/\/antoniolenis.edu.co\/index.php?rest_route=\/wp\/v2\/users\/2"}],"replies":[{"embeddable":true,"href":"https:\/\/antoniolenis.edu.co\/index.php?rest_route=%2Fwp%2Fv2%2Fcomments&post=236"}],"version-history":[{"count":6,"href":"https:\/\/antoniolenis.edu.co\/index.php?rest_route=\/wp\/v2\/pages\/236\/revisions"}],"predecessor-version":[{"id":1213,"href":"https:\/\/antoniolenis.edu.co\/index.php?rest_route=\/wp\/v2\/pages\/236\/revisions\/1213"}],"up":[{"embeddable":true,"href":"https:\/\/antoniolenis.edu.co\/index.php?rest_route=\/wp\/v2\/pages\/274"}],"wp:attachment":[{"href":"https:\/\/antoniolenis.edu.co\/index.php?rest_route=%2Fwp%2Fv2%2Fmedia&parent=236"}],"curies":[{"name":"wp","href":"https:\/\/api.w.org\/{rel}","templated":true}]}}