{"id":2455,"date":"2023-06-05T05:39:05","date_gmt":"2023-06-05T10:39:05","guid":{"rendered":"http:\/\/antoniolenis.edu.co\/?page_id=2455"},"modified":"2025-12-11T10:15:44","modified_gmt":"2025-12-11T15:15:44","slug":"convocatorias","status":"publish","type":"page","link":"https:\/\/antoniolenis.edu.co\/?page_id=2455","title":{"rendered":"Convocatorias\u00a0"},"content":{"rendered":"\n<p><a href=\"https:\/\/antoniolenis.edu.co\/?page_id=1248\" data-type=\"link\" data-id=\"https:\/\/antoniolenis.edu.co\/?page_id=1248\">Ir a Acceso A Transparencia<\/a><\/p>\n\n\n\n<p>INVITACION P\u00daBLICA A OFERTAR SERVICIO DE TIENDA ESCOLAR N\u00b0 01 Y<br>N\u00b0 02 DE LA VIGENCIA 2026<br><a href=\"https:\/\/antoniolenis.edu.co\/wp-content\/uploads\/2025\/12\/INVITACION-CAFETERIA-2026.pdf\" target=\"_blank\" rel=\"noreferrer noopener\">Ver aqu\u00ed<\/a><\/p>\n\n\n\n<p><a href=\"https:\/\/antoniolenis.edu.co\/wp-content\/uploads\/2025\/10\/CONVOCATORIA-CAMBIO-UNIFORME-I.E.-ANTONIO-LENIS.pdf\" data-type=\"link\" data-id=\"https:\/\/antoniolenis.edu.co\/wp-content\/uploads\/2025\/10\/CONVOCATORIA-CAMBIO-UNIFORME-I.E.-ANTONIO-LENIS-1.pdf\" target=\"_blank\" rel=\"noreferrer noopener\">Convocatoria dise\u00f1o del nuevo uniforme institucional<\/a>,<\/p>\n\n\n\n<p>A los Padres de familia, alumnos, exalumnos, comunidad educativa Lenista y comunidad en general, a participar en la elaboraci\u00f3n y dise\u00f1o del nuevo uniforme institucional.<\/p>\n\n\n\n<p><a href=\"https:\/\/antoniolenis.edu.co\/wp-content\/uploads\/2024\/08\/INVITACION-PUBLICA-016-2024.pdf\" target=\"_blank\" rel=\"noreferrer noopener\">INVITACION P\u00daBLICA No. 016 <\/a>,de 2024,COMPRA DE ELEMENTOS, PRODUCTOS Y SOLUCIONES DE<br>LIMPIEZA Y DESINFECCION PARA EL NORMAL<br>FUNCIONAMIENTO DE LA INSTITUCION EDUCATIVA ANTONIO<br>LENIS<\/p>\n\n\n\n<p><a href=\"https:\/\/antoniolenis.edu.co\/wp-content\/uploads\/2024\/08\/INVITACION-PUBLICA-015-2024.pdf\" target=\"_blank\" rel=\"noreferrer noopener\">INVITACION P\u00daBLICA No. 015 de 2024<\/a>,COMPRA DE SELLOS DID\u00c1CTICOS Y\/O PEDAGOGICO<br>ESENCIALES PARA EL DESARROLLO DE LAS CLASES EN LAS SEDES<br>DE LA INSTITUCION EDUCATIVA ANTONIO LENIS<\/p>\n\n\n\n<p><a href=\"https:\/\/antoniolenis.edu.co\/wp-content\/uploads\/2024\/08\/INVITACION-PUBLICA-014-2024.pdf\" target=\"_blank\" rel=\"noreferrer noopener\">INVITACION P\u00daBLICA No. 014 de 2024<\/a>,SERVICIOS DE MANTENIMIENTO PREVENTIVO Y CORRECTIVO DE<br>LOS AIRES ACONDICIONADOS DE LAS DIFERENTES SEDES EN LA<br>INSTITUCION EDUCATIVA ANTONIO LENIS<\/p>\n\n\n\n<p><a href=\"https:\/\/antoniolenis.edu.co\/wp-content\/uploads\/2024\/08\/INVITACION-PUBLICA-013-2024.pdf\" target=\"_blank\" rel=\"noreferrer noopener\">INVITACION P\u00daBLICA No. 013 de 2024<\/a>,PRESTACI\u00d3N DE SERVICIOS PARA EL MANTENIMIENTO<br>PREVENTIVO Y CORRECTIVO DE LOS EQUIPOS DE COMPUTOS DE<br>LAS SALAS DE INFORMATICA DE LA SEDE PRINCIPAL Y SEDE<br>MERCEDES ABREGO DE LA INSTITUCION EDUCATIVA ANTONIO<br>LENIS<\/p>\n\n\n\n<p><a href=\"https:\/\/antoniolenis.edu.co\/wp-content\/uploads\/2024\/08\/INVITACION-PUBLICA-012-2024.pdf\" target=\"_blank\" rel=\"noreferrer noopener\">INVITACION P\u00daBLICA No. 012 de 2024<\/a>,COMPRA DE CINCO TELEVISORES DE 55 PULGADAS SMART TV<br>PARA AULAS DE CLASES Y DOS VIDEO BEAM PARA USO DE<br>DOCENTES DE LA INSTITUCI\u00d3N EDUCATIVA ANTONIO LENIS<\/p>\n\n\n\n<p><a href=\"https:\/\/antoniolenis.edu.co\/wp-content\/uploads\/2024\/08\/INVITACION-PUBLICA-011-2024.pdf\" target=\"_blank\" rel=\"noreferrer noopener\">INVITACION PUBLICA 011-2024<\/a>,SUMINISTRO DE ELEMENTOS Y\/O MATERIALES DE<br>FERRETER\u00cdA PARA LAS DIFERENTES SEDES DE LA<br>INSTITUCION EDUCATIVA ANTONIO LENIS<\/p>\n\n\n\n<p><a href=\"https:\/\/antoniolenis.edu.co\/wp-content\/uploads\/2024\/08\/INVITACION-PUBLICA-009-2024.pdf\" target=\"_blank\" rel=\"noreferrer noopener\">INVITACI\u00d3N P\u00daBLICA 009-2024<\/a>,SERVICIO DE FUMIGACION, LAVADO Y DESINFECCION PARA EL<br>CONTROL DE VIRUS, PLAGAS, MOSQUITOS, RATAS Y<br>MURCIELAGOS, EN LAS DIFERENTES SEDES DE LA INSTITUCION<br>EDUCATIVA ANTONIO LENIS<\/p>\n\n\n\n<p><a href=\"https:\/\/antoniolenis.edu.co\/wp-content\/uploads\/2024\/08\/INVITACION-PUBLICA-006-2024.pdf\" target=\"_blank\" rel=\"noreferrer noopener\">INVITACI\u00d3N P\u00daBLICA 006-2024<\/a>, DOTACI\u00d3N PEDAG\u00d3GICA PARA LOS DOCENTES COMO<br>HERRAMIENTA DE MEJORAMIENTO EN EL DESARROLLO DE<br>CLASES DE LA INSTITUCI\u00d3N EDUCATIVA ANTONIO LENIS<\/p>\n\n\n\n<p><\/p>\n\n\n\n<p><a href=\"https:\/\/antoniolenis.edu.co\/wp-content\/uploads\/2024\/08\/INVITACION-PUBLICA-005-2024.pdf\" target=\"_blank\" rel=\"noreferrer noopener\">INVITACION PUBLICA 005-2024,<\/a> SERVICIO DE APLICACI\u00d3N DE PINTURA A TODO COSTO DE<br>MUROS EXTERNOS E INTERNOS DE LA SEDE CARRENALES, SEDE<br>MERCEDES ABREGO Y SEDE PRINCIPAL DE LA INSTITUCION<br>EDUCATIVA ANTONIO LENIS<\/p>\n\n\n\n<p><a href=\"https:\/\/antoniolenis.edu.co\/wp-content\/uploads\/2024\/08\/INVITACION-PUBLICA-003-2024.pdf\" target=\"_blank\" rel=\"noreferrer noopener\">INVITACION P\u00daBLICA No. 003 de 2024<\/a>, COMPRA DE AIRES ACONDICIONADOS PARA BIBLIOTECA,<br>SALA DE PROFESORES EN SEDE PRINCIPAL Y SALA DE SISTEMAS<br>SEDE CARRENALES DE LA INSTITUCI\u00d3N EDUCATIVA ANTONIO<br>LENIS.<\/p>\n\n\n\n<p><a href=\"https:\/\/antoniolenis.edu.co\/wp-content\/uploads\/2024\/08\/INVITACION-PUBLICA-002-2024.pdf\" target=\"_blank\" rel=\"noreferrer noopener\">INVITACION P\u00daBLICA No. 002 de 2024<\/a> COMPRA DE UTILES DE PAPELERIA, OFICINA Y ELEMENTOS DE<br>IMPRESION PARA EL NORMAL FUNCIONAMIENTO DE LA<br>INSTITUCION EDUCATIVA ANTONIO LENIS<\/p>\n\n\n\n<p><strong><a href=\"https:\/\/antoniolenis.edu.co\/wp-content\/uploads\/2023\/07\/INVITACION-PUBLICA-N\u00b0-015-2023.pdf\" data-type=\"URL\" data-id=\"https:\/\/antoniolenis.edu.co\/wp-content\/uploads\/2023\/07\/INVITACION-PUBLICA-N\u00b0-015-2023.pdf\" target=\"_blank\" rel=\"noreferrer noopener\">INVITACION P\u00daBLICA No. 015 de 2023<\/a><\/strong> Prestaci\u00f3n de servicios para el manejo t\u00e9cnico del Equipo de amplificaci\u00f3n de sonido en las diferentes Actividades masivas y mantenimiento preventivo de Los equipos de amplificaci\u00f3n de la instituci\u00f3n Educativa Antonio Lenis <\/p>\n\n\n\n<p><strong><a href=\"https:\/\/antoniolenis.edu.co\/wp-content\/uploads\/2023\/07\/INVITACION-PUBLICA-N\u00b0-014-2023.pdf\" data-type=\"URL\" data-id=\"https:\/\/antoniolenis.edu.co\/wp-content\/uploads\/2023\/07\/INVITACION-PUBLICA-N\u00b0-014-2023.pdf\" target=\"_blank\" rel=\"noreferrer noopener\">INVITACION P\u00daBLICA No. 014 de 2023<\/a><\/strong> Prestaci\u00f3n de servicios para mantenimiento l\u00f3gico y F\u00edsico de la infraestructura de red de datos, de los Equipos de c\u00f3mputo del \u00e1rea administrativa y sistema De c\u00e1maras de seguridad de la instituci\u00f3n educativa Antonio Lenis <\/p>\n\n\n\n<p><strong><a href=\"https:\/\/antoniolenis.edu.co\/wp-content\/uploads\/2023\/07\/INVITACION-PUBLICA-N\u00b0-013-2023.pdf\" data-type=\"URL\" data-id=\"https:\/\/antoniolenis.edu.co\/wp-content\/uploads\/2023\/07\/INVITACION-PUBLICA-N\u00b0-013-2023.pdf\" target=\"_blank\" rel=\"noreferrer noopener\">INVITACION P\u00daBLICA No. 013 de 2023<\/a><\/strong> Servicio de fumigaci\u00f3n para el control de plagas, Mosquitos y murci\u00e9lagos en las diferentes sedes de la Instituci\u00f3n educativa Antonio Lenis. <\/p>\n\n\n\n<p><strong><a href=\"https:\/\/antoniolenis.edu.co\/wp-content\/uploads\/2023\/07\/INVITACION-PUBLICA-N\u00b0-012-2023.pdf\" data-type=\"URL\" data-id=\"https:\/\/antoniolenis.edu.co\/wp-content\/uploads\/2023\/07\/INVITACION-PUBLICA-N\u00b0-012-2023.pdf\" target=\"_blank\" rel=\"noreferrer noopener\">INVITACION P\u00daBLICA No. 012 de 2023<\/a><\/strong> Prestaci\u00f3n de servicios para el desarrollo de Jornada fotogr\u00e1fica y registro de la informaci\u00f3n de Los estudiantes, docentes y personal administrativo Activos en las diferentes sedes de la instituci\u00f3n Educativa Antonio Lenis <\/p>\n\n\n\n<p><strong><a href=\"https:\/\/antoniolenis.edu.co\/wp-content\/uploads\/2023\/07\/INVITACION-PUBLICA-N\u00b0-009-2023.pdf\" data-type=\"URL\" data-id=\"https:\/\/antoniolenis.edu.co\/wp-content\/uploads\/2023\/07\/INVITACION-PUBLICA-N\u00b0-009-2023.pdf\" target=\"_blank\" rel=\"noreferrer noopener\">INVITACION P\u00daBLICA No. 009 de 2023<\/a><\/strong> Servicios de mantenimiento preventivo y correctivo De los aires acondicionados de las diferentes sedes En la instituci\u00f3n educativa Antonio Lenis <\/p>\n\n\n\n<p><strong><a href=\"https:\/\/antoniolenis.edu.co\/wp-content\/uploads\/2023\/07\/INVITACION-PUBLICA-N\u00b0-008-2023.pdf\" data-type=\"URL\" data-id=\"https:\/\/antoniolenis.edu.co\/wp-content\/uploads\/2023\/07\/INVITACION-PUBLICA-N\u00b0-008-2023.pdf\" target=\"_blank\" rel=\"noreferrer noopener\">INVITACION P\u00daBLICA No. 008 de 2023<\/a><\/strong> Compra de productos y soluciones de limpieza y Desinfecci\u00f3n, \u00fatiles de papeler\u00eda, oficina y elementos De impresi\u00f3n para la instituci\u00f3n educativa Antonio Lenis <\/p>\n\n\n\n<p><strong><a href=\"https:\/\/antoniolenis.edu.co\/wp-content\/uploads\/2023\/07\/INVITACION-PUBLICA-N\u00b0-007-2023.pdf\" data-type=\"URL\" data-id=\"https:\/\/antoniolenis.edu.co\/wp-content\/uploads\/2023\/07\/INVITACION-PUBLICA-N\u00b0-007-2023.pdf\" target=\"_blank\" rel=\"noreferrer noopener\">INVITACION P\u00daBLICA No. 007 de 2023<\/a><\/strong> Dotaci\u00f3n pedag\u00f3gica (libros y\/o obras literarias) Para la instituci\u00f3n educativa Antonio Lenis. <\/p>\n\n\n\n<p><a href=\"https:\/\/antoniolenis.edu.co\/wp-content\/uploads\/2023\/07\/INVITACION-PUBLICA-N\u00b0-006-2023.pdf\" data-type=\"URL\" data-id=\"https:\/\/antoniolenis.edu.co\/wp-content\/uploads\/2023\/07\/INVITACION-PUBLICA-N\u00b0-006-2023.pdf\" target=\"_blank\" rel=\"noreferrer noopener\"><strong>INVITACION P\u00daBLICA No. 006 de 2023<\/strong><\/a> Adquisici\u00f3n de fotocopiadora, elementos y otros Equipos tecnol\u00f3gicos para la instituci\u00f3n educativa Antonio Lenis <\/p>\n\n\n\n<p><strong><a href=\"https:\/\/antoniolenis.edu.co\/wp-content\/uploads\/2023\/07\/INVITACION-PUBLICA-N\u00b0-005-2023.pdf\" data-type=\"URL\" data-id=\"https:\/\/antoniolenis.edu.co\/wp-content\/uploads\/2023\/07\/INVITACION-PUBLICA-N\u00b0-005-2023.pdf\" target=\"_blank\" rel=\"noreferrer noopener\">INVITACION P\u00daBLICA No. 005 de 2023&nbsp;<\/a><\/strong>&nbsp;Compra e instalaci\u00f3n de equipos tecnol\u00f3gicos y Perif\u00e9ricos de audio y video para el desarrollo de Actividades y\/o eventos en el aula m\u00faltiple y la Biblioteca en la instituci\u00f3n educativa Antonio Lenis. <\/p>\n\n\n\n<p><strong><a href=\"https:\/\/antoniolenis.edu.co\/wp-content\/uploads\/2023\/07\/INVITACION-PUBLICA-N\u00b0-004-2023.pdf\" data-type=\"URL\" data-id=\"https:\/\/antoniolenis.edu.co\/wp-content\/uploads\/2023\/07\/INVITACION-PUBLICA-N\u00b0-004-2023.pdf\" target=\"_blank\" rel=\"noreferrer noopener\">INVITACION P\u00daBLICA No. 004 de 2023<\/a>&nbsp;&nbsp;<\/strong>compra e instalaci\u00f3n de equipos tecnol\u00f3gicos y perif\u00e9ricos de audio y video para el desarrollo de actividades y\/o eventos en el aula m\u00faltiple y la biblioteca en la instituci\u00f3n educativa Antonio Lenis<\/p>\n\n\n\n<p><strong><a href=\"https:\/\/antoniolenis.edu.co\/wp-content\/uploads\/2023\/07\/INVITACION-PUBLICA-N\u00b0-003-2023.pdf\" data-type=\"URL\" data-id=\"https:\/\/antoniolenis.edu.co\/wp-content\/uploads\/2023\/07\/INVITACION-PUBLICA-N\u00b0-003-2023.pdf\" target=\"_blank\" rel=\"noreferrer noopener\">INVITACION P\u00daBLICA No. 003 de 2023<\/a> <\/strong>&nbsp;&nbsp;Adquision de 2 tableros, 50 sillas tipo universitarias y 3 Sillas de oficina para la instituci\u00f3n educativa Antonio Lenis <\/p>\n\n\n\n<p><strong><a href=\"https:\/\/antoniolenis.edu.co\/wp-content\/uploads\/2023\/06\/INVITACION-001.pdf\" data-type=\"URL\" data-id=\"https:\/\/antoniolenis.edu.co\/wp-content\/uploads\/2023\/06\/INVITACION-001.pdf\" target=\"_blank\" rel=\"noreferrer noopener\">INVITACION P\u00daBLICA No. 001 de 2023<\/a><\/strong> Servicio de pintura a todo costo de muros externos y\nMuros internos de la sede carrenales, sede mercedes\nAbrego y sede principal de la instituci\u00f3n educativa\nAntonio Lenis<\/p>\n\n\n\n<p><\/p>\n","protected":false},"excerpt":{"rendered":"<p>Ir a Acceso A Transparencia INVITACION P\u00daBLICA A OFERTAR SERVICIO DE TIENDA ESCOLAR N\u00b0 01 YN\u00b0 02 DE LA VIGENCIA 2026Ver aqu\u00ed Convocatoria dise\u00f1o del nuevo uniforme institucional, A los Padres de familia, alumnos, exalumnos, comunidad educativa Lenista y comunidad&#8230;<br \/><a class=\"read-more-button\" href=\"https:\/\/antoniolenis.edu.co\/?page_id=2455\">Leer m\u00e1s<\/a><\/p>\n","protected":false},"author":7,"featured_media":0,"parent":1248,"menu_order":0,"comment_status":"closed","ping_status":"closed","template":"","meta":{"footnotes":""},"class_list":["post-2455","page","type-page","status-publish","hentry"],"_links":{"self":[{"href":"https:\/\/antoniolenis.edu.co\/index.php?rest_route=\/wp\/v2\/pages\/2455","targetHints":{"allow":["GET"]}}],"collection":[{"href":"https:\/\/antoniolenis.edu.co\/index.php?rest_route=\/wp\/v2\/pages"}],"about":[{"href":"https:\/\/antoniolenis.edu.co\/index.php?rest_route=\/wp\/v2\/types\/page"}],"author":[{"embeddable":true,"href":"https:\/\/antoniolenis.edu.co\/index.php?rest_route=\/wp\/v2\/users\/7"}],"replies":[{"embeddable":true,"href":"https:\/\/antoniolenis.edu.co\/index.php?rest_route=%2Fwp%2Fv2%2Fcomments&post=2455"}],"version-history":[{"count":27,"href":"https:\/\/antoniolenis.edu.co\/index.php?rest_route=\/wp\/v2\/pages\/2455\/revisions"}],"predecessor-version":[{"id":2876,"href":"https:\/\/antoniolenis.edu.co\/index.php?rest_route=\/wp\/v2\/pages\/2455\/revisions\/2876"}],"up":[{"embeddable":true,"href":"https:\/\/antoniolenis.edu.co\/index.php?rest_route=\/wp\/v2\/pages\/1248"}],"wp:attachment":[{"href":"https:\/\/antoniolenis.edu.co\/index.php?rest_route=%2Fwp%2Fv2%2Fmedia&parent=2455"}],"curies":[{"name":"wp","href":"https:\/\/api.w.org\/{rel}","templated":true}]}}