{"id":633,"date":"2016-11-21T14:09:58","date_gmt":"2016-11-21T19:09:58","guid":{"rendered":"http:\/\/antoniolenis.edu.co\/?page_id=633"},"modified":"2017-04-20T08:09:57","modified_gmt":"2017-04-20T13:09:57","slug":"gobierno-escolar","status":"publish","type":"page","link":"https:\/\/antoniolenis.edu.co\/?page_id=633","title":{"rendered":"Gobierno Escolar"},"content":{"rendered":"<ul>\n<li><a href=\"https:\/\/antoniolenis.edu.co\/institucion\/gobierno-escolar\/consejo-directivo\/\">Consejo Directivo<\/a><\/li>\n<li><a href=\"https:\/\/antoniolenis.edu.co\/institucion\/gobierno-escolar\/consejo-academico\/\">Consejo Acad\u00e9mico<\/a><\/li>\n<li><a href=\"https:\/\/antoniolenis.edu.co\/institucion\/gobierno-escolar\/rectoria\/\">Rector\u00eda<\/a><\/li>\n<li><a href=\"https:\/\/antoniolenis.edu.co\/institucion\/gobierno-escolar\/personeria\/\">Personer\u00eda<\/a><\/li>\n<\/ul>\n<p>&nbsp;<\/p>\n","protected":false},"excerpt":{"rendered":"<p>Consejo Directivo Consejo Acad\u00e9mico Rector\u00eda Personer\u00eda &nbsp;<\/p>\n","protected":false},"author":2,"featured_media":0,"parent":274,"menu_order":0,"comment_status":"closed","ping_status":"closed","template":"","meta":{"footnotes":""},"class_list":["post-633","page","type-page","status-publish","hentry"],"_links":{"self":[{"href":"https:\/\/antoniolenis.edu.co\/index.php?rest_route=\/wp\/v2\/pages\/633","targetHints":{"allow":["GET"]}}],"collection":[{"href":"https:\/\/antoniolenis.edu.co\/index.php?rest_route=\/wp\/v2\/pages"}],"about":[{"href":"https:\/\/antoniolenis.edu.co\/index.php?rest_route=\/wp\/v2\/types\/page"}],"author":[{"embeddable":true,"href":"https:\/\/antoniolenis.edu.co\/index.php?rest_route=\/wp\/v2\/users\/2"}],"replies":[{"embeddable":true,"href":"https:\/\/antoniolenis.edu.co\/index.php?rest_route=%2Fwp%2Fv2%2Fcomments&post=633"}],"version-history":[{"count":3,"href":"https:\/\/antoniolenis.edu.co\/index.php?rest_route=\/wp\/v2\/pages\/633\/revisions"}],"predecessor-version":[{"id":1012,"href":"https:\/\/antoniolenis.edu.co\/index.php?rest_route=\/wp\/v2\/pages\/633\/revisions\/1012"}],"up":[{"embeddable":true,"href":"https:\/\/antoniolenis.edu.co\/index.php?rest_route=\/wp\/v2\/pages\/274"}],"wp:attachment":[{"href":"https:\/\/antoniolenis.edu.co\/index.php?rest_route=%2Fwp%2Fv2%2Fmedia&parent=633"}],"curies":[{"name":"wp","href":"https:\/\/api.w.org\/{rel}","templated":true}]}}