{"id":645,"date":"2016-11-21T14:11:00","date_gmt":"2016-11-21T19:11:00","guid":{"rendered":"http:\/\/antoniolenis.edu.co\/?page_id=645"},"modified":"2016-12-04T19:10:51","modified_gmt":"2016-12-05T00:10:51","slug":"rectoria","status":"publish","type":"page","link":"https:\/\/antoniolenis.edu.co\/?page_id=645","title":{"rendered":"Rector\u00eda"},"content":{"rendered":"<p style=\"text-align: justify;\">Como representante del establecimiento ante las autoridades educativas y ejecutor de las decisiones del gobierno escolar le corresponde cumplir las siguientes funciones:<\/p>\n<p style=\"text-align: justify;\">Las establecidas en el art\u00edculo 25 del Decreto 1860 de 1.994, a saber: a) Orientar la ejecuci\u00f3n del proyecto educativo institucional y aplicar las decisiones del gobierno escolar. b) Velar por el cumplimiento de las funciones docentes y el oportuno aprovisionamiento de los recursos necesarios para el efecto. c) Promover el proceso continuo de mejoramiento de la calidad de la educaci\u00f3n en el establecimiento. d) Mantener activas las relaciones con las autoridades educativas, con los patrocinadores o auspiciadores de la instituci\u00f3n y con la comunidad local, para el continuo progreso acad\u00e9mico de la instituci\u00f3n y el mejoramiento de la vida comunitaria. e) Establecer canales de comunicaci\u00f3n entre los diferentes estamentos de la comunidad educativa. f) Orientar el proceso educativo con la asistencia del Consejo Acad\u00e9mico. g) Ejercer las funciones disciplinarias que le atribuyan la ley, los reglamentos y el manual de convivencia. h) Identificar las nuevas tendencias, aspiraciones e influencias para canalizarlas en favor del mejoramiento del proyecto educativo institucional. i) Promover actividades de beneficio social que vinculen al establecimiento con la comunidad local. j) Aplicar las disposiciones que se expidan por parte del Estado, atinentes a la prestaci\u00f3n del servicio p\u00fablico educativo. k) Las dem\u00e1s funciones afines o complementarias con las anteriores que le atribuya el proyecto educativo institucional.<\/p>\n<p style=\"text-align: justify;\">Las establecidas en el art\u00edculo 10 de la Ley 715 de 2001, a saber: a) Dirigir la preparaci\u00f3n del Proyecto Educativo Institucional con la participaci\u00f3n de los distintos actores de la comunidad educativa. b) Presidir el Consejo Directivo y el Consejo Acad\u00e9mico de la instituci\u00f3n y coordinar los distintos \u00f3rganos del Gobierno Escolar. c) Representar el establecimiento ante las autoridades educativas y la comunidad escolar. d) Formular planes anuales de acci\u00f3n y de mejoramiento de calidad, y dirigir su ejecuci\u00f3n. e) Dirigir el trabajo de los equipos docentes y establecer contactos interinstitucionales para el logro de las metas educativas. f) Realizar el control sobre el cumplimiento de las funciones correspondientes al personal docente y administrativo y reportar las novedades e irregularidades del personal a la secretar\u00eda de educaci\u00f3n distrital, municipal, departamental o quien haga sus veces. g) Administrar el personal asignado a la instituci\u00f3n en lo relacionado con las novedades y los permisos. h) Participar en la definici\u00f3n de perfiles para la selecci\u00f3n del personal docente, y en su selecci\u00f3n definitiva. i) Distribuir las asignaciones acad\u00e9micas, y dem\u00e1s funciones de docentes, directivos docentes y administrativos a su cargo, de conformidad con las normas sobre la materia. j) Realizar la evaluaci\u00f3n anual del desempe\u00f1o de los docentes, directivos docentes y administrativos a su cargo. k) Imponer las sanciones disciplinarias propias del sistema de control interno disciplinario de conformidad con las normas vigentes. l) Proponer a los docentes que ser\u00e1n apoyados para recibir capacitaci\u00f3n. m) Suministrar informaci\u00f3n oportuna al departamento, distrito o municipio, de acuerdo con sus requerimientos. n) Responder por la calidad de la prestaci\u00f3n del servicio en su instituci\u00f3n. o) Rendir un informe al Consejo Directivo de la Instituci\u00f3n Educativa al menos cada seis meses. p) Administrar el Fondo de Servicios Educativos y los recursos que por incentivos se le asignen, en los t\u00e9rminos de la presente ley. q) Publicar una vez al semestre en lugares p\u00fablicos y comunicar por escrito a los padres de familia, los docentes a cargo de cada asignatura, los horarios y la carga docente de cada uno de ellos. r) Las dem\u00e1s que le asigne el gobernador o alcalde para la correcta prestaci\u00f3n del servicio educativo.<\/p>\n","protected":false},"excerpt":{"rendered":"<p>Como representante del establecimiento ante las autoridades educativas y ejecutor de las decisiones del gobierno escolar le corresponde cumplir las siguientes funciones: Las establecidas en el art\u00edculo 25 del Decreto 1860 de 1.994, a saber: a) Orientar la ejecuci\u00f3n del&#8230;<br \/><a class=\"read-more-button\" href=\"https:\/\/antoniolenis.edu.co\/?page_id=645\">Leer m\u00e1s<\/a><\/p>\n","protected":false},"author":2,"featured_media":0,"parent":633,"menu_order":0,"comment_status":"closed","ping_status":"closed","template":"","meta":{"footnotes":""},"class_list":["post-645","page","type-page","status-publish","hentry"],"_links":{"self":[{"href":"https:\/\/antoniolenis.edu.co\/index.php?rest_route=\/wp\/v2\/pages\/645","targetHints":{"allow":["GET"]}}],"collection":[{"href":"https:\/\/antoniolenis.edu.co\/index.php?rest_route=\/wp\/v2\/pages"}],"about":[{"href":"https:\/\/antoniolenis.edu.co\/index.php?rest_route=\/wp\/v2\/types\/page"}],"author":[{"embeddable":true,"href":"https:\/\/antoniolenis.edu.co\/index.php?rest_route=\/wp\/v2\/users\/2"}],"replies":[{"embeddable":true,"href":"https:\/\/antoniolenis.edu.co\/index.php?rest_route=%2Fwp%2Fv2%2Fcomments&post=645"}],"version-history":[{"count":2,"href":"https:\/\/antoniolenis.edu.co\/index.php?rest_route=\/wp\/v2\/pages\/645\/revisions"}],"predecessor-version":[{"id":911,"href":"https:\/\/antoniolenis.edu.co\/index.php?rest_route=\/wp\/v2\/pages\/645\/revisions\/911"}],"up":[{"embeddable":true,"href":"https:\/\/antoniolenis.edu.co\/index.php?rest_route=\/wp\/v2\/pages\/633"}],"wp:attachment":[{"href":"https:\/\/antoniolenis.edu.co\/index.php?rest_route=%2Fwp%2Fv2%2Fmedia&parent=645"}],"curies":[{"name":"wp","href":"https:\/\/api.w.org\/{rel}","templated":true}]}}