{"id":648,"date":"2016-11-21T14:11:15","date_gmt":"2016-11-21T19:11:15","guid":{"rendered":"http:\/\/antoniolenis.edu.co\/?page_id=648"},"modified":"2016-12-04T19:10:13","modified_gmt":"2016-12-05T00:10:13","slug":"personeria","status":"publish","type":"page","link":"https:\/\/antoniolenis.edu.co\/?page_id=648","title":{"rendered":"Personer\u00eda"},"content":{"rendered":"<p style=\"text-align: justify;\">En el marco de lo establecido por el art\u00edculo 28 del Decreto 1860 de 1994, en la Instituci\u00f3n Educativa Antonio Lenis, cada una de las jornadas que ofrece la instituci\u00f3n (Matinal, Vespertina y Nocturna) elegir\u00e1 un (1) Personero Estudiantil quien deber\u00e1 reunir los siguientes requisitos:<\/p>\n<ol style=\"text-align: justify;\">\n<li>Estar cursando el grado und\u00e9cimo (11\u00ba) si su matr\u00edcula corresponde a la jornada matinal o vespertina o el quinto Clei (Grado 25\u00ba) si su matr\u00edcula corresponde a la jornada nocturna.<\/li>\n<li>Tener como m\u00ednimo dos (2) a\u00f1os de antig\u00fcedad en la instituci\u00f3n al momento de su postulaci\u00f3n.<\/li>\n<li>Tener cualidades de l\u00edder en la comunidad, como: ser din\u00e1mico, participativo, comprometido, responsable, respetuoso y sociable.<\/li>\n<li>Observar en todo momento, dentro y fuera de la Instituci\u00f3n, buena disciplina y conducta.<\/li>\n<li>Tener excelente convivencia y sentido de pertenencia con la Instituci\u00f3n. 6. Evidenciar un buen rendimiento acad\u00e9mico. Estos requisitos ser\u00e1n verificados y avalados por el Comit\u00e9 de Participaci\u00f3n democr\u00e1tica.<\/li>\n<\/ol>\n<p style=\"text-align: justify;\">Funciones del Personero: El Personero de los Estudiantes depende de la Asamblea General de Estudiantes. Son funciones del Personero: 1. Promover el cumplimiento de los derechos y deberes de los estudiantes como miembros de la Comunidad Educativa, para lo cual podr\u00e1 hacer uso de los medios de comunicaci\u00f3n interna de la Instituci\u00f3n, solicitar la colaboraci\u00f3n del Consejo de Estudiantes, organizar foros y otras formas de deliberaci\u00f3n. 2. Recibir y evaluar las quejas y reclamos que presenten los educandos sobre lesiones a sus derechos y las que formule cualquier persona de la comunidad sobre el incumplimiento de las obligaciones de los alumnos. 3. Presentar ante el Rector de la Instituci\u00f3n las solicitudes de oficio o a petici\u00f3n de parte que considere necesarias para proteger los derechos de los estudiantes y facilitar el cumplimiento de sus deberes. 4. Cuando lo considere necesario, apelar ante el Consejo Directivo, o el organismo que haga sus veces, las decisiones del rector respecto a las peticiones presentadas por su intermedio. 5. Informar mensualmente a la comunidad estudiantil acerca de su gesti\u00f3n. 6. Presentar informes de sus actividades, cada vez que sea necesario, al estudiantado en su respectiva jornada.<\/p>\n<p style=\"text-align: justify;\">Proceso para la elecci\u00f3n del Personero Estudiantil: El personero de los estudiantes ser\u00e1 elegido dentro de los treinta (30) d\u00edas calendario, siguientes al de la iniciaci\u00f3n de clases del correspondiente a\u00f1o lectivo. Para tal efecto, el rector convocar\u00e1 a todos los estudiantes matriculados con el fin de elegirlo por el sistema de mayor\u00eda simple y mediante voto secreto y con empleo de tarjetones, entre los candidatos inscritos que cursen el \u00faltimo grado; a partir de la fecha de convocatoria, se contar\u00e1n ocho (8) d\u00edas h\u00e1biles para la inscripci\u00f3n de candidatos ante el Comit\u00e9 de Participaci\u00f3n Democr\u00e1tica; si no se inscribieran candidatos durante ese per\u00edodo, el mismo se extender\u00e1 durante cinco (5) d\u00edas h\u00e1biles m\u00e1s.<\/p>\n<p style=\"text-align: justify;\">Cerrado este per\u00edodo, si se inscribieran por lo menos dos (2) candidatos, el Comit\u00e9 de Participaci\u00f3n Democr\u00e1tica proceder\u00e1 a adelantar las siguientes acciones: 1. Dar a conocer, a la comunidad educativa, los nombres de los alumnos del grado und\u00e9cimo que re\u00fanan los requisitos para ser candidatos a la personer\u00eda estudiantil. 2. Establecer las directrices para que los candidatos adelanten la campa\u00f1a electoral. 3. Organizar el proceso, la jornada electoral y el procedimiento para llevar a cabo los escrutinios.<\/p>\n<p style=\"text-align: justify;\">La labor del Personero, ser\u00e1 evaluada TRIMESTRALMENTE por el Consejo de Estudiantes. Cuando falte al cumplimiento de sus funciones o a los compromisos derivados del programa presentado durante la campa\u00f1a electoral, incurrir\u00e1 en falta grave lo cual le acarrear\u00e1 la destituci\u00f3n del cargo y ser\u00e1 remplazado por el alumno que le sigui\u00f3 en votaciones de acuerdo con el debido proceso. La instancia competente para resolver de fondo sobre destituci\u00f3n y remplazo del personero es el Consejo Directivo, el cual dispondr\u00e1 de cinco (5) d\u00edas h\u00e1biles, contados a partir de la fecha en la que el Consejo de Estudiantes presente, por escrito, la correspondiente demanda.<\/p>\n<p style=\"text-align: justify;\">Si al momento del cierre del per\u00edodo extendido de inscripci\u00f3n de candidatos a la personer\u00eda estudiantil, hubiere menos de dos (2) candidatos inscritos, el Comit\u00e9 de Participaci\u00f3n Democr\u00e1tica proceder\u00e1 a la suscripci\u00f3n de un acta en la que se deje constancia detallada de los hechos y la remitir\u00e1 al Consejo Directivo para la declaratoria de INVIABLE de la elecci\u00f3n; en tal caso, la jornada donde tuviera ocurrencia tal situaci\u00f3n, quedar\u00e1 sin personero estudiantil; en caso contrario, se dar\u00e1 curso al per\u00edodo de campa\u00f1as que se extender\u00e1 hasta el d\u00eda anterior de las elecciones.<\/p>\n<p style=\"text-align: justify;\">De conformidad con el par\u00e1grafo 1\u00b0 de art\u00edculo 258 de la Constituci\u00f3n Pol\u00edtica, modificado por el acto legislativo 01 de 2009, deber\u00e1 repetirse por una sola vez la votaci\u00f3n, CON NUEVOS CANDIDATOS cuando del total de votos v\u00e1lidos, los votos en blanco constituyan la mayor\u00eda.<\/p>\n<p style=\"text-align: justify;\">Cuando a consideraci\u00f3n de cualquier miembro de la comunidad estudiantil, existan irregularidades en el proceso establecido por el Comit\u00e9 de Participaci\u00f3n Democr\u00e1tica para la elecci\u00f3n del personero, este podr\u00e1 impugnarla ante el dicho Comit\u00e9 en el t\u00e9rmino de los tres (3) d\u00edas h\u00e1biles siguientes a la elecci\u00f3n el cual deber\u00e1 resolver de fondo la impugnaci\u00f3n presentada. En caso que la determinaci\u00f3n favorezca al accionante, el Consejo Directivo proceder\u00e1 a ordenar el procedimiento a seguir, en concordancia con las normas vigentes y el presente Manual.<\/p>\n<p style=\"text-align: justify;\">Mientras la instituci\u00f3n funcione por sedes, f\u00edsicamente separadas y distantes entre s\u00ed, en las que el servicio educativo se presta en m\u00e1s de una jornada, cada sede, elegir\u00e1 un personero por jornada de conformidad con el proceso se\u00f1alado en el presente art\u00edculo.<\/p>\n<p style=\"text-align: justify;\">El ejercicio del personero de los estudiantes, es incompatible con el de representante de los estudiantes ante el Consejo Directivo.<\/p>\n","protected":false},"excerpt":{"rendered":"<p>En el marco de lo establecido por el art\u00edculo 28 del Decreto 1860 de 1994, en la Instituci\u00f3n Educativa Antonio Lenis, cada una de las jornadas que ofrece la instituci\u00f3n (Matinal, Vespertina y Nocturna) elegir\u00e1 un (1) Personero Estudiantil quien&#8230;<br \/><a class=\"read-more-button\" href=\"https:\/\/antoniolenis.edu.co\/?page_id=648\">Leer m\u00e1s<\/a><\/p>\n","protected":false},"author":2,"featured_media":0,"parent":633,"menu_order":0,"comment_status":"closed","ping_status":"closed","template":"","meta":{"footnotes":""},"class_list":["post-648","page","type-page","status-publish","hentry"],"_links":{"self":[{"href":"https:\/\/antoniolenis.edu.co\/index.php?rest_route=\/wp\/v2\/pages\/648","targetHints":{"allow":["GET"]}}],"collection":[{"href":"https:\/\/antoniolenis.edu.co\/index.php?rest_route=\/wp\/v2\/pages"}],"about":[{"href":"https:\/\/antoniolenis.edu.co\/index.php?rest_route=\/wp\/v2\/types\/page"}],"author":[{"embeddable":true,"href":"https:\/\/antoniolenis.edu.co\/index.php?rest_route=\/wp\/v2\/users\/2"}],"replies":[{"embeddable":true,"href":"https:\/\/antoniolenis.edu.co\/index.php?rest_route=%2Fwp%2Fv2%2Fcomments&post=648"}],"version-history":[{"count":2,"href":"https:\/\/antoniolenis.edu.co\/index.php?rest_route=\/wp\/v2\/pages\/648\/revisions"}],"predecessor-version":[{"id":910,"href":"https:\/\/antoniolenis.edu.co\/index.php?rest_route=\/wp\/v2\/pages\/648\/revisions\/910"}],"up":[{"embeddable":true,"href":"https:\/\/antoniolenis.edu.co\/index.php?rest_route=\/wp\/v2\/pages\/633"}],"wp:attachment":[{"href":"https:\/\/antoniolenis.edu.co\/index.php?rest_route=%2Fwp%2Fv2%2Fmedia&parent=648"}],"curies":[{"name":"wp","href":"https:\/\/api.w.org\/{rel}","templated":true}]}}