{"id":689,"date":"2016-11-21T14:20:55","date_gmt":"2016-11-21T19:20:55","guid":{"rendered":"http:\/\/antoniolenis.edu.co\/?page_id=689"},"modified":"2021-05-24T19:36:34","modified_gmt":"2021-05-25T00:36:34","slug":"gestion-de-inscripcion-y-matricula","status":"publish","type":"page","link":"https:\/\/antoniolenis.edu.co\/?page_id=689","title":{"rendered":"Gesti\u00f3n de Inscripci\u00f3n y Matr\u00edcula"},"content":{"rendered":"\n<p>Ingrese al portal de gesti\u00f3n <a href=\"http:\/\/admisiones.antoniolenis.edu.co\/index.php\/admin\/\" target=\"_blank\" rel=\"noreferrer noopener\">Aqu\u00ed<\/a><\/p>\n","protected":false},"excerpt":{"rendered":"<p>Ingrese al portal de gesti\u00f3n Aqu\u00ed<\/p>\n","protected":false},"author":2,"featured_media":0,"parent":686,"menu_order":0,"comment_status":"closed","ping_status":"closed","template":"","meta":{"footnotes":""},"class_list":["post-689","page","type-page","status-publish","hentry"],"_links":{"self":[{"href":"https:\/\/antoniolenis.edu.co\/index.php?rest_route=\/wp\/v2\/pages\/689","targetHints":{"allow":["GET"]}}],"collection":[{"href":"https:\/\/antoniolenis.edu.co\/index.php?rest_route=\/wp\/v2\/pages"}],"about":[{"href":"https:\/\/antoniolenis.edu.co\/index.php?rest_route=\/wp\/v2\/types\/page"}],"author":[{"embeddable":true,"href":"https:\/\/antoniolenis.edu.co\/index.php?rest_route=\/wp\/v2\/users\/2"}],"replies":[{"embeddable":true,"href":"https:\/\/antoniolenis.edu.co\/index.php?rest_route=%2Fwp%2Fv2%2Fcomments&post=689"}],"version-history":[{"count":2,"href":"https:\/\/antoniolenis.edu.co\/index.php?rest_route=\/wp\/v2\/pages\/689\/revisions"}],"predecessor-version":[{"id":2172,"href":"https:\/\/antoniolenis.edu.co\/index.php?rest_route=\/wp\/v2\/pages\/689\/revisions\/2172"}],"up":[{"embeddable":true,"href":"https:\/\/antoniolenis.edu.co\/index.php?rest_route=\/wp\/v2\/pages\/686"}],"wp:attachment":[{"href":"https:\/\/antoniolenis.edu.co\/index.php?rest_route=%2Fwp%2Fv2%2Fmedia&parent=689"}],"curies":[{"name":"wp","href":"https:\/\/api.w.org\/{rel}","templated":true}]}}