{"id":785,"date":"2016-11-21T15:36:02","date_gmt":"2016-11-21T20:36:02","guid":{"rendered":"http:\/\/antoniolenis.edu.co\/?page_id=785"},"modified":"2022-09-01T15:45:02","modified_gmt":"2022-09-01T20:45:02","slug":"mercedes-abrego","status":"publish","type":"page","link":"https:\/\/antoniolenis.edu.co\/?page_id=785","title":{"rendered":"Mercedes Abrego"},"content":{"rendered":"<table style=\"border-color: #000000; width: 570px;\" border=\"1\">\n<tbody>\n<tr>\n<td style=\"text-align: center; width: 116px;\" rowspan=\"2\"><em><strong>APELLIDOS<\/strong><\/em><\/td>\n<td style=\"text-align: center; width: 91px;\" rowspan=\"2\"><em><strong>NOMBRES<\/strong><\/em><\/td>\n<td style=\"text-align: center; width: 179px;\" colspan=\"2\"><em><strong>ESTUDIOS\u00a0<\/strong><\/em><\/td>\n<td style=\"text-align: center; width: 109px;\" rowspan=\"2\"><em><strong>CARGO<\/strong><\/em><\/td>\n<\/tr>\n<tr>\n<td style=\"text-align: center; width: 104px;\"><em><strong>PREGRADO<\/strong><\/em><\/td>\n<td style=\"text-align: center; width: 75px;\"><em><strong>POSTGRADO<\/strong><\/em><\/td>\n<\/tr>\n<tr>\n<td style=\"width: 116px;\">CASARES\u00a0 VELAZQUEZ<\/td>\n<td style=\"width: 91px;\">MARIELA ISABEL<\/td>\n<td style=\"width: 104px;\">LIC. SUP. EDUCATIVA<\/td>\n<td style=\"width: 75px;\">ESP. EDUCACI\u00d3N PERSONALIZADA<\/td>\n<td style=\"width: 109px;\">DOCENTE<\/td>\n<\/tr>\n<tr>\n<td style=\"width: 116px;\">PATERNINA<\/td>\n<td style=\"width: 91px;\">YUMER<\/td>\n<td style=\"width: 104px;\"><\/td>\n<td style=\"width: 75px;\"><\/td>\n<td style=\"width: 109px;\">DOCENTE<\/td>\n<\/tr>\n<tr>\n<td style=\"width: 116px;\">MENDIVIL VIOLET<\/td>\n<td style=\"width: 91px;\">ESTELIA ROSA<\/td>\n<td style=\"width: 104px;\"><\/td>\n<td style=\"width: 75px;\">ESP. EDC. PERSONALIZADA<\/td>\n<td style=\"width: 109px;\">DOCENTE<\/td>\n<\/tr>\n<tr>\n<td style=\"width: 116px;\">MERCADO GONZ\u00c1LEZ<\/td>\n<td style=\"width: 91px;\">CAROLINA ESTHER<\/td>\n<td style=\"width: 104px;\"><\/td>\n<td style=\"width: 75px;\"><\/td>\n<td style=\"width: 109px;\">DOCENTE<\/td>\n<\/tr>\n<tr>\n<td style=\"width: 116px;\">MERLANO ROJAS<\/td>\n<td style=\"width: 91px;\">KATIA LUC\u00cdA<\/td>\n<td style=\"width: 104px;\">Psic\u00f3loga<\/td>\n<td style=\"width: 75px;\"><\/td>\n<td style=\"width: 109px;\">DOCENTE<\/td>\n<\/tr>\n<tr>\n<td style=\"width: 116px;\">MEZA LOZANO<\/td>\n<td style=\"width: 91px;\">LUZ MARINA<\/td>\n<td style=\"width: 104px;\"><\/td>\n<td style=\"width: 75px;\">EDC. PERSONALIZADA<\/td>\n<td style=\"width: 109px;\">DOCENTE<\/td>\n<\/tr>\n<tr>\n<td style=\"width: 116px;\">PALOMINO DELGADO<\/td>\n<td style=\"width: 91px;\">OMAR<\/td>\n<td style=\"width: 104px;\">LIC. BIOLOG\u00cdA Y QU\u00cdMICA<\/td>\n<td style=\"width: 75px;\"><\/td>\n<td style=\"width: 109px;\">COORDINADOR<\/td>\n<\/tr>\n<tr>\n<td style=\"width: 116px;\">ROZO MORA<\/td>\n<td style=\"width: 91px;\">LUZ ELENA<\/td>\n<td style=\"width: 104px;\"><\/td>\n<td style=\"width: 75px;\"><\/td>\n<td style=\"width: 109px;\">DOCENTE<\/td>\n<\/tr>\n<\/tbody>\n<\/table>\n","protected":false},"excerpt":{"rendered":"<p>APELLIDOS NOMBRES ESTUDIOS\u00a0 CARGO PREGRADO POSTGRADO CASARES\u00a0 VELAZQUEZ MARIELA ISABEL LIC. SUP. EDUCATIVA ESP. EDUCACI\u00d3N PERSONALIZADA DOCENTE PATERNINA YUMER DOCENTE MENDIVIL VIOLET ESTELIA ROSA ESP. EDC. PERSONALIZADA DOCENTE MERCADO GONZ\u00c1LEZ CAROLINA ESTHER DOCENTE MERLANO ROJAS KATIA LUC\u00cdA Psic\u00f3loga DOCENTE MEZA&#8230;<br \/><a class=\"read-more-button\" href=\"https:\/\/antoniolenis.edu.co\/?page_id=785\">Leer m\u00e1s<\/a><\/p>\n","protected":false},"author":2,"featured_media":0,"parent":760,"menu_order":0,"comment_status":"closed","ping_status":"closed","template":"","meta":{"footnotes":""},"class_list":["post-785","page","type-page","status-publish","hentry"],"_links":{"self":[{"href":"https:\/\/antoniolenis.edu.co\/index.php?rest_route=\/wp\/v2\/pages\/785","targetHints":{"allow":["GET"]}}],"collection":[{"href":"https:\/\/antoniolenis.edu.co\/index.php?rest_route=\/wp\/v2\/pages"}],"about":[{"href":"https:\/\/antoniolenis.edu.co\/index.php?rest_route=\/wp\/v2\/types\/page"}],"author":[{"embeddable":true,"href":"https:\/\/antoniolenis.edu.co\/index.php?rest_route=\/wp\/v2\/users\/2"}],"replies":[{"embeddable":true,"href":"https:\/\/antoniolenis.edu.co\/index.php?rest_route=%2Fwp%2Fv2%2Fcomments&post=785"}],"version-history":[{"count":6,"href":"https:\/\/antoniolenis.edu.co\/index.php?rest_route=\/wp\/v2\/pages\/785\/revisions"}],"predecessor-version":[{"id":2312,"href":"https:\/\/antoniolenis.edu.co\/index.php?rest_route=\/wp\/v2\/pages\/785\/revisions\/2312"}],"up":[{"embeddable":true,"href":"https:\/\/antoniolenis.edu.co\/index.php?rest_route=\/wp\/v2\/pages\/760"}],"wp:attachment":[{"href":"https:\/\/antoniolenis.edu.co\/index.php?rest_route=%2Fwp%2Fv2%2Fmedia&parent=785"}],"curies":[{"name":"wp","href":"https:\/\/api.w.org\/{rel}","templated":true}]}}