{"id":844,"date":"2016-11-21T15:59:37","date_gmt":"2016-11-21T20:59:37","guid":{"rendered":"http:\/\/antoniolenis.edu.co\/?page_id=844"},"modified":"2025-07-26T19:37:17","modified_gmt":"2025-07-27T00:37:17","slug":"institucionales","status":"publish","type":"page","link":"https:\/\/antoniolenis.edu.co\/?page_id=844","title":{"rendered":"Institucionales"},"content":{"rendered":"\n<div class=\"wp-block-query is-layout-flow wp-block-query-is-layout-flow\"><ul class=\"wp-block-post-template is-layout-flow wp-block-post-template-is-layout-flow\"><li class=\"wp-block-post post-2919 post type-post status-publish format-standard hentry category-noticias\">\n<h2 class=\"wp-block-post-title\"><a href=\"https:\/\/antoniolenis.edu.co\/?p=2919\" target=\"_self\" >D\u00eda de la Tierra.<\/a><\/h2>\n\n\n\n<div class=\"wp-block-post-excerpt\"><p class=\"wp-block-post-excerpt__excerpt\">22 de abril \u00b7 D\u00eda de la Tierra Hoy celebramos el hogar que nos da todo Cada amanecer, cada gota de lluvia, cada hoja que cae es un regalo silencioso de la Tierra. Hoy le devolvemos el gesto con conciencia,&#8230;Leer m\u00e1s <\/p><\/div>\n\n\n<hr class=\"wp-block-separator has-css-opacity\"\/>\n\n\n<div class=\"wp-block-post-date\"><time datetime=\"2026-04-22T10:25:39-05:00\">22 abril, 2026<\/time><\/div>\n<\/li><li class=\"wp-block-post post-2915 post type-post status-publish format-standard hentry category-noticias\">\n<h2 class=\"wp-block-post-title\"><a href=\"https:\/\/antoniolenis.edu.co\/?p=2915\" target=\"_self\" >Saberes y Sabores<\/a><\/h2>\n\n\n\n<div class=\"wp-block-post-excerpt\"><p class=\"wp-block-post-excerpt__excerpt\"> <\/p><\/div>\n\n\n<hr class=\"wp-block-separator has-css-opacity\"\/>\n\n\n<div class=\"wp-block-post-date\"><time datetime=\"2026-03-23T22:29:52-05:00\">23 marzo, 2026<\/time><\/div>\n<\/li><li class=\"wp-block-post post-2911 post type-post status-publish format-standard has-post-thumbnail hentry category-noticias\">\n<h2 class=\"wp-block-post-title\"><a href=\"https:\/\/antoniolenis.edu.co\/?p=2911\" target=\"_self\" >Proyecto SEISO: Escuela limpia, mente que aprende<\/a><\/h2>\n\n<figure class=\"alignwide wp-block-post-featured-image\"><a href=\"https:\/\/antoniolenis.edu.co\/?p=2911\" target=\"_self\"  ><img loading=\"lazy\" decoding=\"async\" width=\"632\" height=\"996\" src=\"https:\/\/antoniolenis.edu.co\/wp-content\/uploads\/2026\/02\/WhatsApp-Image-2026-02-17-at-10.15.02-AM.jpeg\" class=\"attachment-post-thumbnail size-post-thumbnail wp-post-image\" alt=\"Proyecto SEISO: Escuela limpia, mente que aprende\" style=\"object-fit:cover;\" \/><\/a><\/figure>\n\n<div class=\"wp-block-post-excerpt\"><p class=\"wp-block-post-excerpt__excerpt\">Intenci\u00f3n pedag\u00f3gica Desarrollar en los estudiantes h\u00e1bitos de orden, limpieza y responsabilidad colectiva, promoviendo el sentido de pertenencia, la cultura del cuidado del entorno escolar y la formaci\u00f3n en valores como el respeto, la disciplina y el trabajo colaborativo. El&#8230;Leer m\u00e1s <\/p><\/div>\n\n\n<hr class=\"wp-block-separator has-css-opacity\"\/>\n\n\n<div class=\"wp-block-post-date\"><time datetime=\"2026-02-17T16:55:44-05:00\">17 febrero, 2026<\/time><\/div>\n<\/li><\/ul><\/div>\n\n\n\n<figure class=\"wp-block-embed is-type-wp-embed is-provider-i-e-antonio-lenis wp-block-embed-i-e-antonio-lenis\"><div class=\"wp-block-embed__wrapper\">\n<blockquote class=\"wp-embedded-content\" data-secret=\"aNKgHMiwQe\"><a href=\"https:\/\/antoniolenis.edu.co\/centro-de-interes-tejedores-de-paz\/\">Centro de inter\u00e9s Tejedores de Paz<\/a><\/blockquote><iframe loading=\"lazy\" class=\"wp-embedded-content\" sandbox=\"allow-scripts\" security=\"restricted\" style=\"position: absolute; visibility: hidden;\" title=\"\u00abCentro de inter\u00e9s Tejedores de Paz\u00bb \u2014 I.E. Antonio Lenis\" src=\"https:\/\/antoniolenis.edu.co\/centro-de-interes-tejedores-de-paz\/embed\/#?secret=yHXXWpWy1I#?secret=aNKgHMiwQe\" data-secret=\"aNKgHMiwQe\" width=\"600\" height=\"338\" frameborder=\"0\" marginwidth=\"0\" marginheight=\"0\" scrolling=\"no\"><\/iframe>\n<\/div><\/figure>\n","protected":false},"excerpt":{"rendered":"","protected":false},"author":2,"featured_media":0,"parent":544,"menu_order":0,"comment_status":"closed","ping_status":"closed","template":"","meta":{"footnotes":""},"class_list":["post-844","page","type-page","status-publish","hentry"],"_links":{"self":[{"href":"https:\/\/antoniolenis.edu.co\/index.php?rest_route=\/wp\/v2\/pages\/844","targetHints":{"allow":["GET"]}}],"collection":[{"href":"https:\/\/antoniolenis.edu.co\/index.php?rest_route=\/wp\/v2\/pages"}],"about":[{"href":"https:\/\/antoniolenis.edu.co\/index.php?rest_route=\/wp\/v2\/types\/page"}],"author":[{"embeddable":true,"href":"https:\/\/antoniolenis.edu.co\/index.php?rest_route=\/wp\/v2\/users\/2"}],"replies":[{"embeddable":true,"href":"https:\/\/antoniolenis.edu.co\/index.php?rest_route=%2Fwp%2Fv2%2Fcomments&post=844"}],"version-history":[{"count":10,"href":"https:\/\/antoniolenis.edu.co\/index.php?rest_route=\/wp\/v2\/pages\/844\/revisions"}],"predecessor-version":[{"id":2813,"href":"https:\/\/antoniolenis.edu.co\/index.php?rest_route=\/wp\/v2\/pages\/844\/revisions\/2813"}],"up":[{"embeddable":true,"href":"https:\/\/antoniolenis.edu.co\/index.php?rest_route=\/wp\/v2\/pages\/544"}],"wp:attachment":[{"href":"https:\/\/antoniolenis.edu.co\/index.php?rest_route=%2Fwp%2Fv2%2Fmedia&parent=844"}],"curies":[{"name":"wp","href":"https:\/\/api.w.org\/{rel}","templated":true}]}}