{"id":876,"date":"2016-11-21T16:07:22","date_gmt":"2016-11-21T21:07:22","guid":{"rendered":"http:\/\/antoniolenis.edu.co\/?page_id=876"},"modified":"2021-11-29T23:56:05","modified_gmt":"2021-11-30T04:56:05","slug":"requisitos","status":"publish","type":"page","link":"https:\/\/antoniolenis.edu.co\/?page_id=876","title":{"rendered":"Requisitos"},"content":{"rendered":"\n<p><strong>REQUISITOS DE MATRICULA<\/strong><\/p>\n\n\n\n<ul class=\"wp-block-list\"><li><strong>Acta de compromiso (se descarga en la p\u00e1gina se firma y se vuelve a subir)<\/strong> <a rel=\"noreferrer noopener\" href=\"http:\/\/admisiones.antoniolenis.edu.co\/archivos\/repositorio\/ACTA_DE_COMPROMISOS_IEAL.docx\" target=\"_blank\">DESCARGAR AHORA<\/a><\/li><li><strong>Declaratoria p\u00fablica (se descarga en la p\u00e1gina se firma y se vuelve a subir)<\/strong>  <a rel=\"noreferrer noopener\" href=\"http:\/\/admisiones.antoniolenis.edu.co\/archivos\/repositorio\/declaratoria_publica.docx\" target=\"_blank\">DESCARGAR AHORA<\/a><\/li><li><strong>Diligenciar Formulario de matr\u00edcula<\/strong><\/li><li><strong>Fotocopia de tarjeta de identidad estudiante (mayores de 7 a\u00f1os)<\/strong><\/li><li><strong>Fotocopia del registro civil estudiante<\/strong><\/li><li><strong>Certificado de estudio de a\u00f1os anteriores<\/strong> <a rel=\"noreferrer noopener\" href=\"https:\/\/www.ilovepdf.com\/es\/comprimir_pdf\" target=\"_blank\">(Compilado en un s\u00f3lo archivo)<\/a><\/li><li><strong>Fotocopia documento del acudiente<\/strong><\/li><li><strong>Una foto tama\u00f1o 1.5 MB<\/strong> <\/li><li>Nota: Todos los documentos en formato PDF<\/li><\/ul>\n","protected":false},"excerpt":{"rendered":"<p>REQUISITOS DE MATRICULA Acta de compromiso (se descarga en la p\u00e1gina se firma y se vuelve a subir) DESCARGAR AHORA Declaratoria p\u00fablica (se descarga en la p\u00e1gina se firma y se vuelve a subir) DESCARGAR AHORA Diligenciar Formulario de matr\u00edcula&#8230;<br \/><a class=\"read-more-button\" href=\"https:\/\/antoniolenis.edu.co\/?page_id=876\">Leer m\u00e1s<\/a><\/p>\n","protected":false},"author":2,"featured_media":0,"parent":874,"menu_order":0,"comment_status":"closed","ping_status":"closed","template":"","meta":{"footnotes":""},"class_list":["post-876","page","type-page","status-publish","hentry"],"_links":{"self":[{"href":"https:\/\/antoniolenis.edu.co\/index.php?rest_route=\/wp\/v2\/pages\/876","targetHints":{"allow":["GET"]}}],"collection":[{"href":"https:\/\/antoniolenis.edu.co\/index.php?rest_route=\/wp\/v2\/pages"}],"about":[{"href":"https:\/\/antoniolenis.edu.co\/index.php?rest_route=\/wp\/v2\/types\/page"}],"author":[{"embeddable":true,"href":"https:\/\/antoniolenis.edu.co\/index.php?rest_route=\/wp\/v2\/users\/2"}],"replies":[{"embeddable":true,"href":"https:\/\/antoniolenis.edu.co\/index.php?rest_route=%2Fwp%2Fv2%2Fcomments&post=876"}],"version-history":[{"count":3,"href":"https:\/\/antoniolenis.edu.co\/index.php?rest_route=\/wp\/v2\/pages\/876\/revisions"}],"predecessor-version":[{"id":2245,"href":"https:\/\/antoniolenis.edu.co\/index.php?rest_route=\/wp\/v2\/pages\/876\/revisions\/2245"}],"up":[{"embeddable":true,"href":"https:\/\/antoniolenis.edu.co\/index.php?rest_route=\/wp\/v2\/pages\/874"}],"wp:attachment":[{"href":"https:\/\/antoniolenis.edu.co\/index.php?rest_route=%2Fwp%2Fv2%2Fmedia&parent=876"}],"curies":[{"name":"wp","href":"https:\/\/api.w.org\/{rel}","templated":true}]}}